{"id":3882,"date":"2018-08-23T12:38:31","date_gmt":"2018-08-23T10:38:31","guid":{"rendered":"http:\/\/www.linguatur.com\/?page_id=3882"},"modified":"2018-08-23T12:38:31","modified_gmt":"2018-08-23T10:38:31","slug":"pourquoi-choisir-linguatur","status":"publish","type":"page","link":"https:\/\/www.linguatur.com\/fr\/pourquoi-choisir-linguatur\/","title":{"rendered":"Pourquoi choisir Linguatur"},"content":{"rendered":"<div class=\"wpb-content-wrapper\"><p>[vc_row][vc_column][vc_column_text]<\/p>\n<p style=\"text-align: center;\"><iframe loading=\"lazy\" src=\"https:\/\/www.youtube.com\/embed\/eENjfi48Sdk\" width=\"100%\" height=\"600\" frameborder=\"0\" allowfullscreen=\"allowfullscreen\" data-mce-fragment=\"1\"><span data-mce-type=\"bookmark\" style=\"display: inline-block; width: 0px; overflow: hidden; line-height: 0;\" class=\"mce_SELRES_start\">\ufeff<\/span><\/iframe><\/p>\n<p>[\/vc_column_text][vc_empty_space][vc_column_text]<\/p>\n<blockquote><p>Cientos de miles de estudiantes y de profesores satisfechos forman parte de nuestros 47 a\u00f1os de existencia.<\/p><\/blockquote>\n<ul>\n<li>Linguatur es una agencia de viajes diferente fundada por un grupo de profesores, que lleva organizando programas de receptivo para estudiantes desde 1971.<\/li>\n<li>Linguatur ofrece todos los servicios de receptivo. Desde un programa de total inmersi\u00f3n cultural en familia hasta asistir a un espect\u00e1culo flamenco, ofrecemos los programas personalizados m\u00e1s creativos y satisfactorios.<\/li>\n<li>Linguatur organiza circuitos cuyo eje es el alojamiento en familia, lo que permite a los j\u00f3venes obtener un profundo conocimiento de la vida y cultura espa\u00f1olas.<\/li>\n<li>Linguatur ofrece trece centros de alojamiento en familia, con m\u00e1s de 2000 familias seleccionadas en toda Espa\u00f1a.<\/li>\n<li>Linguatur posee su propio equipo de gu\u00edas correo, siempre disponibles para los profesores, que proporcionan unos servicios adecuados para los estudiantes.<\/li>\n<li>Linguatur Internacional cuenta con 45 a\u00f1os de historia y trae a Espa\u00f1a a m\u00e1s de 10.000 turistas extranjeros al a\u00f1o.<\/li>\n<li>Linguatur elige cuidadosamente a los gu\u00edas locales que conocen la filosof\u00eda diferente de nuestros grupos y que realizan visitas acordes con ellos. Llevamos trabajando con los mismos gu\u00edas desde hace a\u00f1os.<\/li>\n<li>Linguatur posee adem\u00e1s su propia empresa de autocares (fundada en 1.947) y los mejores contactos con transportistas espa\u00f1oles.<\/li>\n<li>Linguatur ofrece precios inmejorables pero con todas las garant\u00edas.<\/li>\n<\/ul>\n<p>[\/vc_column_text][vc_empty_space]<div class=\"icons-set\">\n\t<div class=\"row icons-set__row\">\n\t\t\t\t\t<div class=\"col-sm-4\">\n\t\t\t<div class=\"icons-set__item\">\n\t\t\t\t\t\t\t<div class=\"icons-set__item__field icons-set__item__field--fix-size\">\n\t\t\t\t<div class=\"icons-set__item__icon-wrap\"><i class=\"icons-set__item__icon td-earth-1\"><\/i><\/div>\t\t\t\t<\/div>\n\t\t\t\t\t\t\t<div class=\"icons-set__item__field\">\n\t\t\t\t<h3 class=\"icons-set__item__title\">Internacionales<\/h3>\t\t\t\t\t<div class=\"icons-set__item__description\">Linguatur trae a Espa\u00f1a a m\u00e1s de 10.000 turistas extranjeros al a\u00f1o.<\/div>\n\t\t\t\t<\/div>\n\t\t\t<\/div>\n\t\t<\/div>\n\t\t\t\t\t<div class=\"col-sm-4\">\n\t\t\t<div class=\"icons-set__item\">\n\t\t\t\t\t\t\t<div class=\"icons-set__item__field icons-set__item__field--fix-size\">\n\t\t\t\t<div class=\"icons-set__item__icon-wrap\"><i class=\"icons-set__item__icon td-banknote-1\"><\/i><\/div>\t\t\t\t<\/div>\n\t\t\t\t\t\t\t<div class=\"icons-set__item__field\">\n\t\t\t\t<h3 class=\"icons-set__item__title\">Los mejores precios<\/h3>\t\t\t\t\t<div class=\"icons-set__item__description\">Desde Linguatur internacional ofrecemos los mejores precios y ofertas.<\/div>\n\t\t\t\t<\/div>\n\t\t\t<\/div>\n\t\t<\/div>\n\t\t\t\t\t<div class=\"col-sm-4\">\n\t\t\t<div class=\"icons-set__item\">\n\t\t\t\t\t\t\t<div class=\"icons-set__item__field icons-set__item__field--fix-size\">\n\t\t\t\t<div class=\"icons-set__item__icon-wrap\"><i class=\"icons-set__item__icon td-photocamera-5\"><\/i><\/div>\t\t\t\t<\/div>\n\t\t\t\t\t\t\t<div class=\"icons-set__item__field\">\n\t\t\t\t<h3 class=\"icons-set__item__title\">Recuerdos y experiencias<\/h3>\t\t\t\t\t<div class=\"icons-set__item__description\">Con nuestras actividades y viajes organizados creamos instant\u00e1neas imborrables.<\/div>\n\t\t\t\t<\/div>\n\t\t\t<\/div>\n\t\t<\/div>\n\t\t\t<\/div><div class=\"row icons-set__row\">\t\t<div class=\"col-sm-4\">\n\t\t\t<div class=\"icons-set__item\">\n\t\t\t\t\t\t\t<div class=\"icons-set__item__field icons-set__item__field--fix-size\">\n\t\t\t\t<div class=\"icons-set__item__icon-wrap\"><i class=\"icons-set__item__icon td-calendar-2\"><\/i><\/div>\t\t\t\t<\/div>\n\t\t\t\t\t\t\t<div class=\"icons-set__item__field\">\n\t\t\t\t<h3 class=\"icons-set__item__title\">Viajes todo el a\u00f1o<\/h3>\t\t\t\t\t<div class=\"icons-set__item__description\">Tenemos viajes preparados en los meses del a\u00f1o.<\/div>\n\t\t\t\t<\/div>\n\t\t\t<\/div>\n\t\t<\/div>\n\t\t\t\t\t<div class=\"col-sm-4\">\n\t\t\t<div class=\"icons-set__item\">\n\t\t\t\t\t\t\t<div class=\"icons-set__item__field icons-set__item__field--fix-size\">\n\t\t\t\t<div class=\"icons-set__item__icon-wrap\"><i class=\"icons-set__item__icon td-chat\"><\/i><\/div>\t\t\t\t<\/div>\n\t\t\t\t\t\t\t<div class=\"icons-set__item__field\">\n\t\t\t\t<h3 class=\"icons-set__item__title\">Organizamos<\/h3>\t\t\t\t\t<div class=\"icons-set__item__description\">Linguatur se encarga de organizar todo el viaje cuidando todos los detalles de las prestaciones.<\/div>\n\t\t\t\t<\/div>\n\t\t\t<\/div>\n\t\t<\/div>\n\t\t\t\t\t<div class=\"col-sm-4\">\n\t\t\t<div class=\"icons-set__item\">\n\t\t\t\t\t\t\t<div class=\"icons-set__item__field icons-set__item__field--fix-size\">\n\t\t\t\t<div class=\"icons-set__item__icon-wrap\"><i class=\"icons-set__item__icon td-heart\"><\/i><\/div>\t\t\t\t<\/div>\n\t\t\t\t\t\t\t<div class=\"icons-set__item__field\">\n\t\t\t\t<h3 class=\"icons-set__item__title\">Lo que desees<\/h3>\t\t\t\t\t<div class=\"icons-set__item__description\">Desde un viaje de incentivo, un circuito religioso, gastron\u00f3mico, tem\u00e1tico, cultural hasta un congreso.<\/div>\n\t\t\t\t<\/div>\n\t\t\t<\/div>\n\t\t<\/div>\n\t\t<\/div>\n<\/div>\n[\/vc_column][\/vc_row][vc_row][vc_column][vc_empty_space][\/vc_column][\/vc_row]<\/p>\n<\/div>","protected":false},"excerpt":{"rendered":"<p>[vc_row][vc_column][vc_column_text] \ufeff [\/vc_column_text][vc_empty_space][vc_column_text] Cientos de miles de estudiantes y de profesores satisfechos forman parte de nuestros 47 a\u00f1os de existencia. Linguatur es una agencia de viajes diferente fundada por un grupo de profesores, que lleva organizando programas de receptivo para estudiantes desde 1971. Linguatur ofrece todos los servicios de receptivo. Desde un programa de total<\/p>\n<div class=\"padding-top text-center\"><a href=\"https:\/\/www.linguatur.com\/fr\/pourquoi-choisir-linguatur\/\" class=\"atbtn atbtn--medium atbtn--rounded atbtn--transparent\">Ver m\u00e1s<i class=\"atbtn__icon atbtn__icon--right fa fa-long-arrow-right\"><\/i><\/a><\/div>\n","protected":false},"author":1,"featured_media":0,"parent":0,"menu_order":0,"comment_status":"closed","ping_status":"closed","template":"","meta":{"footnotes":""},"class_list":["post-3882","page","type-page","status-publish","hentry"],"_links":{"self":[{"href":"https:\/\/www.linguatur.com\/fr\/wp-json\/wp\/v2\/pages\/3882","targetHints":{"allow":["GET"]}}],"collection":[{"href":"https:\/\/www.linguatur.com\/fr\/wp-json\/wp\/v2\/pages"}],"about":[{"href":"https:\/\/www.linguatur.com\/fr\/wp-json\/wp\/v2\/types\/page"}],"author":[{"embeddable":true,"href":"https:\/\/www.linguatur.com\/fr\/wp-json\/wp\/v2\/users\/1"}],"replies":[{"embeddable":true,"href":"https:\/\/www.linguatur.com\/fr\/wp-json\/wp\/v2\/comments?post=3882"}],"version-history":[{"count":2,"href":"https:\/\/www.linguatur.com\/fr\/wp-json\/wp\/v2\/pages\/3882\/revisions"}],"predecessor-version":[{"id":3884,"href":"https:\/\/www.linguatur.com\/fr\/wp-json\/wp\/v2\/pages\/3882\/revisions\/3884"}],"wp:attachment":[{"href":"https:\/\/www.linguatur.com\/fr\/wp-json\/wp\/v2\/media?parent=3882"}],"curies":[{"name":"wp","href":"https:\/\/api.w.org\/{rel}","templated":true}]}}